{"id":58,"date":"2026-01-21T17:48:16","date_gmt":"2026-01-21T16:48:16","guid":{"rendered":"https:\/\/academypisanti.it\/?page_id=58"},"modified":"2026-02-10T16:53:21","modified_gmt":"2026-02-10T15:53:21","slug":"contatti","status":"publish","type":"page","link":"https:\/\/academypisanti.it\/?page_id=58","title":{"rendered":"Contatti"},"content":{"rendered":"\n<div class=\"wp-block-group has-global-padding is-layout-constrained wp-container-core-group-is-layout-f611be13 wp-block-group-is-layout-constrained\" style=\"padding-top:var(--wp--preset--spacing--50);padding-right:var(--wp--preset--spacing--50);padding-bottom:var(--wp--preset--spacing--50);padding-left:var(--wp--preset--spacing--50)\">\n<div class=\"wp-block-columns is-layout-flex wp-container-core-columns-is-layout-28f84493 wp-block-columns-is-layout-flex\">\n<div class=\"wp-block-column is-layout-flow wp-block-column-is-layout-flow\">\n<div id=\"info_ancora\" class=\"wp-block-group has-global-padding is-layout-constrained wp-block-group-is-layout-constrained\">\n<h1 class=\"wp-block-heading has-text-align-left\">Contatti<\/h1>\n\n\n\n<p class=\"eccezionecss\"><strong>Telefono:<\/strong>&nbsp;Luigi \u2013 329 101 3872, Sara \u2013 329 635 6831<\/p>\n\n\n\n<p class=\"eccezionecss\"><strong>Email:<\/strong> academypisanti@gmail.com<\/p>\n<\/div>\n\n\n\n<div style=\"height:25px\" aria-hidden=\"true\" class=\"wp-block-spacer\"><\/div>\n\n\n\n<div class=\"wp-block-group has-global-padding is-layout-constrained wp-block-group-is-layout-constrained\">\n<h2 class=\"wp-block-heading has-text-align-left\">Orari di apertura<\/h2>\n\n\n\n<p class=\"eccezionecss\"><strong>Luned\u00ec:<\/strong> 8:00 &#8211; 20:00<br><strong>Marted\u00ec:<\/strong> 8:00 &#8211; 20:00<br><strong>Mercoled\u00ec:<\/strong> 8:00 &#8211; 20:00<br><strong>Gioved\u00ec:<\/strong> 8:00 &#8211; 20:00<br><strong>Venerd\u00ec:<\/strong> 8:00 &#8211; 20:00<\/p>\n<\/div>\n<\/div>\n\n\n\n<div class=\"wp-block-column is-layout-flow wp-block-column-is-layout-flow\">\n<div class=\"wp-block-group has-global-padding is-layout-constrained wp-container-core-group-is-layout-b46cc6d1 wp-block-group-is-layout-constrained\" style=\"padding-top:0;padding-right:0;padding-bottom:0;padding-left:0\">\n<h2 class=\"wp-block-heading has-text-align-left\">Dove trovarci<\/h2>\n\n\n\n<p class=\"has-text-align-left has-text-color has-link-color wp-elements-83c3d6f0b9219b6ff071bb007d30e8df\" style=\"color:#000000\"><a href=\"https:\/\/maps.app.goo.gl\/rjcnWR6Rus8q3RXb9\">Viale Jonh Fitzgerald Kennedy (sopra Millepiedi)<\/a><\/p>\n\n\n\n<div style=\"height:9px\" aria-hidden=\"true\" class=\"wp-block-spacer\"><\/div>\n\n\n\n<div class=\"wp-block-columns alignwide is-layout-flex wp-container-core-columns-is-layout-28f84493 wp-block-columns-is-layout-flex\">\n<div class=\"wp-block-column is-layout-flow wp-block-column-is-layout-flow\" style=\"flex-basis:100%\">\n<iframe src=\"https:\/\/www.google.com\/maps\/embed?pb=!1m18!1m12!1m3!1d2989.877544404957!2d12.877692185055023!3d41.46357119726438!2m3!1f0!2f0!3f0!3m2!1i1024!2i768!4f13.1!3m3!1m2!1s0x13250b004794e1c9%3A0x99de9c0bc308306f!2sCentro%20Commerciale%20Agor%C3%A0!5e0!3m2!1sit!2sit!4v1770658026040!5m2!1sit!2sit\" width=\"600\" height=\"450\" style=\"border:0;\" allowfullscreen=\"\" loading=\"lazy\" referrerpolicy=\"no-referrer-when-downgrade\"><\/iframe>\n<\/div>\n<\/div>\n<\/div>\n<\/div>\n<\/div>\n<\/div>\n","protected":false},"excerpt":{"rendered":"<p>Contatti Telefono:&nbsp;Luigi \u2013 329 101 3872, Sara \u2013 329 635 6831 Email: academypisanti@gmail.com Orari di apertura Luned\u00ec: 8:00 &#8211; 20:00Marted\u00ec: 8:00 &#8211; 20:00Mercoled\u00ec: 8:00 &#8211; 20:00Gioved\u00ec: 8:00 &#8211; 20:00Venerd\u00ec: 8:00 &#8211; 20:00 Dove trovarci Viale Jonh Fitzgerald Kennedy (sopra Millepiedi)<\/p>\n","protected":false},"author":1,"featured_media":0,"parent":0,"menu_order":0,"comment_status":"closed","ping_status":"closed","template":"","meta":{"footnotes":""},"class_list":["post-58","page","type-page","status-publish","hentry"],"_links":{"self":[{"href":"https:\/\/academypisanti.it\/index.php?rest_route=\/wp\/v2\/pages\/58","targetHints":{"allow":["GET"]}}],"collection":[{"href":"https:\/\/academypisanti.it\/index.php?rest_route=\/wp\/v2\/pages"}],"about":[{"href":"https:\/\/academypisanti.it\/index.php?rest_route=\/wp\/v2\/types\/page"}],"author":[{"embeddable":true,"href":"https:\/\/academypisanti.it\/index.php?rest_route=\/wp\/v2\/users\/1"}],"replies":[{"embeddable":true,"href":"https:\/\/academypisanti.it\/index.php?rest_route=%2Fwp%2Fv2%2Fcomments&post=58"}],"version-history":[{"count":84,"href":"https:\/\/academypisanti.it\/index.php?rest_route=\/wp\/v2\/pages\/58\/revisions"}],"predecessor-version":[{"id":496,"href":"https:\/\/academypisanti.it\/index.php?rest_route=\/wp\/v2\/pages\/58\/revisions\/496"}],"wp:attachment":[{"href":"https:\/\/academypisanti.it\/index.php?rest_route=%2Fwp%2Fv2%2Fmedia&parent=58"}],"curies":[{"name":"wp","href":"https:\/\/api.w.org\/{rel}","templated":true}]}}